{"id":23,"date":"2025-08-07T22:49:54","date_gmt":"2025-08-07T20:49:54","guid":{"rendered":"https:\/\/www.mustard-seed-faith.de\/wordpress\/?page_id=23"},"modified":"2026-04-03T21:17:11","modified_gmt":"2026-04-03T19:17:11","slug":"impressum-und-kontakt","status":"publish","type":"page","link":"https:\/\/www.mustard-seed-faith.de\/wordpress\/impressum-und-kontakt\/","title":{"rendered":"Impressum und Kontakt"},"content":{"rendered":"\n<p><\/p>\n\n\n\n<h1 class=\"wp-block-heading\">Kontakt<\/h1>\n\n\n\n<p>&nbsp;Anfragen per E-Mail sind willkommen.<br>Mail to: vorstand(\u00e4t)mustard-seed-faith.de<br><\/p>\n\n\n\n<h3 class=\"wp-block-heading\">Impressum<\/h3>\n\n\n\n<p>&nbsp;<strong>Mustard Seed Faith Choir e. V.<\/strong><br>&nbsp;E-Mail: vorstand(\u00e4t)mustard-seed-faith.de<br>&nbsp;Internet: www.mustard-seed-faith.de<br>&nbsp;Eingetragen unter VR4508 beim Amtsgericht Aachen.<br>&nbsp;Als gemeinn\u00fctzig vom Finanzamt Aachen-Kreis anerkannt,<br>&nbsp;St-Nr. 202\/5701\/3236.<br><\/p>\n\n\n\n<p>&nbsp;Der Verein ist somit berechtigt, eine steuerlich anerkannte Spendenbescheinigung<br>&nbsp;auszustellen.<br><\/p>\n\n\n\n<p>&nbsp;<strong>Musikalischer Leiter:<\/strong><br> Johan Leenders<\/p>\n\n\n\n<p>&nbsp;<strong>Vertretungsberechtigter Vorstand:<\/strong><br>&nbsp;Verena Comanns, Martina Uecker und Milagros Sievert<br><\/p>\n\n\n\n<p>&nbsp;<strong>Konzept und Gestaltung,<\/strong><br>&nbsp;inhaltlich Verantwortlicher gem\u00e4\u00df \u00a7 6 MDStV:<br><\/p>\n\n\n\n<p>\u00a0<a href=\"https:\/\/www.mustard-seed-faith.de\/gospel\/DerChor#karsten\"><strong>Karsten Sievert<\/strong><\/a>,<br>\u00a0Bahnhofstr. 144,<br>\u00a052146 W\u00fcrselen,<br>\u00a001777\/420074<\/p>\n\n\n\n<p>&nbsp;<strong>Haftungshinweis:<\/strong><br>&nbsp;Trotz sorgf\u00e4ltiger inhaltlicher Kontrolle \u00fcbernehmen wir keine Haftung f\u00fcr die<br>&nbsp;Inhalte externer Links. F\u00fcr den Inhalt der verlinkten Seiten sind ausschlie\u00dflich<br>&nbsp;deren Betreiber verantwortlich.<br><\/p>\n\n\n\n<p>&nbsp;<strong>Probenort:<\/strong><br>&nbsp;Der Chor probt in der Genezarethkirche, Vaalser Str. 349, 52074 Aachen<br><\/p>\n\n\n\n<p>&nbsp;<strong>Anfahrt:<\/strong><br><a href=\"https:\/\/www.google.de\/maps\/place\/Vaalser+Str.+349,+52074+Aachen\/@50.7691021,6.0452396,17z\/data=!3m1!4b1!4m5!3m4!1s0x47c09a21b02c5fe9:0xbb13720f04d92fc3!8m2!3d50.7691021!4d6.0474283\">https:\/\/www.google.de\/maps\/place\/Vaalser+Str.+349,+52074+Aachen\/@50.7691021,6.0452396,17z\/data=!3m1!4b1!4m5!3m4!1s0x47c09a21b02c5fe9:0xbb13720f04d92fc3!8m2!3d50.7691021!4d6.0474283<\/a><\/p>\n\n\n\n<h1 class=\"wp-block-heading\">Datenschutzerkl\u00e4rung<\/h1>\n\n\n\n<h3 class=\"wp-block-heading\">Grundlegendes<\/h3>\n\n\n\n<p>Diese Datenschutzerkl\u00e4rung soll die Nutzer dieser Website \u00fcber die Art, den Umfang und den Zweck der Erhebung und Verwendung personenbezogener Daten durch den Websitebetreiber Mustard Seed Faith Gospelchor e.V. informieren. Da durch neue Technologien und die st\u00e4ndige Weiterentwicklung dieser Webseite \u00c4nderungen an dieser Datenschutzerkl\u00e4rung vorgenommen werden k\u00f6nnen, empfehlen wir Ihnen sich die Datenschutzerkl\u00e4rung in regelm\u00e4\u00dfigen Abst\u00e4nden wieder durchzulesen. Definitionen der verwendeten Begriffe (z.B. \u201cpersonenbezogene Daten\u201d oder \u201cVerarbeitung\u201d) finden Sie in Art. 4 DSGVO.<\/p>\n\n\n\n<h3 class=\"wp-block-heading\">Zugriffsdaten<\/h3>\n\n\n\n<p>Wir, der Websitebetreiber bzw. Seitenprovider, erheben aufgrund unseres berechtigten Interesses (s. Art. 6 Abs. 1 lit. f. DSGVO) Daten \u00fcber Zugriffe auf die Website und speichern diese als \u201eServer-Logfiles\u201c auf dem Server der Website ab. Folgende Daten werden so protokolliert:<\/p>\n\n\n\n<ul class=\"wp-block-list\">\n<li>Besuchte Website<\/li>\n\n\n\n<li>Uhrzeit zum Zeitpunkt des Zugriffes<\/li>\n\n\n\n<li>Menge der gesendeten Daten in Byte<\/li>\n\n\n\n<li>Quelle\/Verweis, von welchem Sie auf die Seite gelangten<\/li>\n\n\n\n<li>Verwendeter Browser<\/li>\n\n\n\n<li>Verwendetes Betriebssystem<\/li>\n\n\n\n<li>Verwendete IP-Adresse<\/li>\n<\/ul>\n\n\n\n<p>Die Server-Logfiles werden regelm\u00e4\u00dfig gel\u00f6scht. Eine Weitergabe an Dritte findet nicht statt. Die Speicherung der Daten erfolgt aus Sicherheitsgr\u00fcnden, um z. B. Missbrauchsf\u00e4lle aufkl\u00e4ren zu k\u00f6nnen. M\u00fcssen Daten aus Beweisgr\u00fcnden aufgehoben werden, sind sie solange von der L\u00f6schung ausgenommen bis der Vorfall endg\u00fcltig gekl\u00e4rt ist.<\/p>\n\n\n\n<h3 class=\"wp-block-heading\">Reichweitenmessung &amp; Cookies<\/h3>\n\n\n\n<p>Diese Website verwendet keine Cookies oder Reichweitenmessung.<\/p>\n\n\n\n<h3 class=\"wp-block-heading\">Erfassung und Verarbeitung personenbezogener Daten<\/h3>\n\n\n\n<p>Diese Website verarbeitet keine personenbezogenen Daten. Angaben im Email-Kontaktformular oder G\u00e4stebuch sind freiwillig und werden auf Wunsch von uns wieder gel\u00f6scht.<\/p>\n\n\n\n<h3 class=\"wp-block-heading\">Umgang mit Kontaktdaten<\/h3>\n\n\n\n<p>Sie k\u00f6nnen uns \u00fcber das Kontaktformular eine Email schicken, die wir aufbewahren werden um sie zu beantworten. Ohne Ihre Einwilligung werden darin enthaltene Daten nicht an Dritte weitergegeben.<\/p>\n\n\n\n<h3 class=\"wp-block-heading\">Umgang mit Kommentaren und Beitr\u00e4gen<\/h3>\n\n\n\n<p>Hinterlassen Sie auf dieser Website einen Kommentar im G\u00e4stebuch, wird Ihre IP-Adresse gespeichert. Dies erfolgt aufgrund unserer berechtigten Interessen im Sinne des Art. 6 Abs. 1 lit. f. DSGVO und dient der Sicherheit von uns als Websitebetreiber: Denn sollte Ihr Kommentar gegen geltendes Recht versto\u00dfen, k\u00f6nnen wir daf\u00fcr belangt werden, weshalb wir ein Interesse an der Identit\u00e4t des Kommentar- bzw. Beitragsautors haben.<\/p>\n\n\n\n<h3 class=\"wp-block-heading\">Rechte des Nutzers<\/h3>\n\n\n\n<p>Fragen zu Ihren personenbezogenen Daten beantworten wir gerne. Sofern Ihr Wunsch nicht mit einer gesetzlichen Pflicht zur Aufbewahrung von Daten kollidiert, werden wir Ihre personenbezogenen Daten gerne l\u00f6schen.<\/p>\n\n\n\n<h3 class=\"wp-block-heading\">Widerspruchsrecht<\/h3>\n\n\n\n<p>Nutzer dieser Webseite k\u00f6nnen von ihrem Widerspruchsrecht Gebrauch machen und der Verarbeitung ihrer personenbezogenen Daten zu jeder Zeit widersprechen.<\/p>\n\n\n\n<p><\/p>\n","protected":false},"excerpt":{"rendered":"<p>Kontakt &nbsp;Anfragen per E-Mail sind willkommen.Mail to: vorstand(\u00e4t)mustard-seed-faith.de Impressum &nbsp;Mustard Seed Faith Choir e. V.&nbsp;E-Mail: vorstand(\u00e4t)mustard-seed-faith.de&nbsp;Internet: www.mustard-seed-faith.de&nbsp;Eingetragen unter VR4508 beim [&hellip;]<\/p>\n","protected":false},"author":1,"featured_media":0,"parent":0,"menu_order":0,"comment_status":"closed","ping_status":"closed","template":"","meta":{"site-sidebar-layout":"default","site-content-layout":"","ast-site-content-layout":"default","site-content-style":"default","site-sidebar-style":"default","ast-global-header-display":"","ast-banner-title-visibility":"","ast-main-header-display":"","ast-hfb-above-header-display":"","ast-hfb-below-header-display":"","ast-hfb-mobile-header-display":"","site-post-title":"","ast-breadcrumbs-content":"","ast-featured-img":"","footer-sml-layout":"","theme-transparent-header-meta":"","adv-header-id-meta":"","stick-header-meta":"","header-above-stick-meta":"","header-main-stick-meta":"","header-below-stick-meta":"","astra-migrate-meta-layouts":"default","ast-page-background-enabled":"default","ast-page-background-meta":{"desktop":{"background-color":"var(--ast-global-color-5)","background-image":"","background-repeat":"repeat","background-position":"center center","background-size":"auto","background-attachment":"scroll","background-type":"","background-media":"","overlay-type":"","overlay-color":"","overlay-opacity":"","overlay-gradient":""},"tablet":{"background-color":"","background-image":"","background-repeat":"repeat","background-position":"center center","background-size":"auto","background-attachment":"scroll","background-type":"","background-media":"","overlay-type":"","overlay-color":"","overlay-opacity":"","overlay-gradient":""},"mobile":{"background-color":"","background-image":"","background-repeat":"repeat","background-position":"center center","background-size":"auto","background-attachment":"scroll","background-type":"","background-media":"","overlay-type":"","overlay-color":"","overlay-opacity":"","overlay-gradient":""}},"ast-content-background-meta":{"desktop":{"background-color":"var(--ast-global-color-4)","background-image":"","background-repeat":"repeat","background-position":"center center","background-size":"auto","background-attachment":"scroll","background-type":"","background-media":"","overlay-type":"","overlay-color":"","overlay-opacity":"","overlay-gradient":""},"tablet":{"background-color":"var(--ast-global-color-4)","background-image":"","background-repeat":"repeat","background-position":"center center","background-size":"auto","background-attachment":"scroll","background-type":"","background-media":"","overlay-type":"","overlay-color":"","overlay-opacity":"","overlay-gradient":""},"mobile":{"background-color":"var(--ast-global-color-4)","background-image":"","background-repeat":"repeat","background-position":"center center","background-size":"auto","background-attachment":"scroll","background-type":"","background-media":"","overlay-type":"","overlay-color":"","overlay-opacity":"","overlay-gradient":""}},"footnotes":""},"class_list":["post-23","page","type-page","status-publish","hentry"],"_links":{"self":[{"href":"https:\/\/www.mustard-seed-faith.de\/wordpress\/wp-json\/wp\/v2\/pages\/23","targetHints":{"allow":["GET"]}}],"collection":[{"href":"https:\/\/www.mustard-seed-faith.de\/wordpress\/wp-json\/wp\/v2\/pages"}],"about":[{"href":"https:\/\/www.mustard-seed-faith.de\/wordpress\/wp-json\/wp\/v2\/types\/page"}],"author":[{"embeddable":true,"href":"https:\/\/www.mustard-seed-faith.de\/wordpress\/wp-json\/wp\/v2\/users\/1"}],"replies":[{"embeddable":true,"href":"https:\/\/www.mustard-seed-faith.de\/wordpress\/wp-json\/wp\/v2\/comments?post=23"}],"version-history":[{"count":12,"href":"https:\/\/www.mustard-seed-faith.de\/wordpress\/wp-json\/wp\/v2\/pages\/23\/revisions"}],"predecessor-version":[{"id":357,"href":"https:\/\/www.mustard-seed-faith.de\/wordpress\/wp-json\/wp\/v2\/pages\/23\/revisions\/357"}],"wp:attachment":[{"href":"https:\/\/www.mustard-seed-faith.de\/wordpress\/wp-json\/wp\/v2\/media?parent=23"}],"curies":[{"name":"wp","href":"https:\/\/api.w.org\/{rel}","templated":true}]}}