{"id":15,"date":"2025-08-07T22:43:31","date_gmt":"2025-08-07T20:43:31","guid":{"rendered":"https:\/\/www.mustard-seed-faith.de\/wordpress\/?page_id=15"},"modified":"2026-04-17T15:53:18","modified_gmt":"2026-04-17T13:53:18","slug":"mustard-seed-faith-e-v","status":"publish","type":"page","link":"https:\/\/www.mustard-seed-faith.de\/wordpress\/","title":{"rendered":"Mustard Seed Faith e.V."},"content":{"rendered":"\n<figure class=\"wp-block-image alignwide size-large\"><img fetchpriority=\"high\" decoding=\"async\" width=\"1024\" height=\"320\" src=\"https:\/\/www.mustard-seed-faith.de\/wordpress\/wp-content\/uploads\/2025\/09\/Titel_Startseite_web-1-1024x320.jpg\" alt=\"\" class=\"wp-image-153\" srcset=\"https:\/\/www.mustard-seed-faith.de\/wordpress\/wp-content\/uploads\/2025\/09\/Titel_Startseite_web-1-1024x320.jpg 1024w, https:\/\/www.mustard-seed-faith.de\/wordpress\/wp-content\/uploads\/2025\/09\/Titel_Startseite_web-1-300x94.jpg 300w, https:\/\/www.mustard-seed-faith.de\/wordpress\/wp-content\/uploads\/2025\/09\/Titel_Startseite_web-1-768x240.jpg 768w, https:\/\/www.mustard-seed-faith.de\/wordpress\/wp-content\/uploads\/2025\/09\/Titel_Startseite_web-1-1536x480.jpg 1536w, https:\/\/www.mustard-seed-faith.de\/wordpress\/wp-content\/uploads\/2025\/09\/Titel_Startseite_web-1-2048x640.jpg 2048w\" sizes=\"(max-width: 1024px) 100vw, 1024px\" \/><\/figure>\n\n\n\n<div style=\"height:54px\" aria-hidden=\"true\" class=\"wp-block-spacer\"><\/div>\n\n\n\n<h1 class=\"wp-block-heading has-text-align-center\">Unser n\u00e4chster Auftritt<\/h1>\n\n\n\n<p class=\"has-text-align-center\"><strong><br>Am 20. Juni 2026 laden wir herzlich zu einem Benefizkonzert in der wundersch\u00f6nen Kirche St.Michael \/ St. Dimitrios ein, dessen Erl\u00f6s dem Nele &amp; Hanns Bittmann e.V. aus Aachen zugutekommt (f\u00fcr Kinder in Not). <\/strong><\/p>\n\n\n\n<p class=\"has-text-align-center\">Weitere Infos zu diesem Verein: <a href=\"https:\/\/kinderinnotaachen.de\/\">https:\/\/kinderinnotaachen.de\/<\/a><br><strong>Wir freuen uns auf ein Wiedersehen!<\/strong><\/p>\n\n\n\n<p><\/p>\n\n\n\n<figure class=\"wp-block-table\"><table class=\"has-fixed-layout\"><tbody><tr><td><strong>20.06.2026<\/strong><\/td><td>19 Uhr<\/td><td><strong>Benefizkonzert f\u00fcr Nele &amp; Hanns Bittmann e.V.<\/strong><\/td><td>St. Michael \/ St. Dimitrios, Jesuitenstra\u00dfe 6, 52062 Aachen<\/td><\/tr><\/tbody><\/table><\/figure>\n\n\n\n<div class=\"wp-block-media-text is-stacked-on-mobile is-vertically-aligned-center\" style=\"grid-template-columns:30% auto\"><figure class=\"wp-block-media-text__media\"><img decoding=\"async\" width=\"1024\" height=\"473\" src=\"https:\/\/www.mustard-seed-faith.de\/wordpress\/wp-content\/uploads\/2025\/08\/Tivoli_2024-1024x473.jpg\" alt=\"\" class=\"wp-image-181 size-full\" srcset=\"https:\/\/www.mustard-seed-faith.de\/wordpress\/wp-content\/uploads\/2025\/08\/Tivoli_2024-1024x473.jpg 1024w, https:\/\/www.mustard-seed-faith.de\/wordpress\/wp-content\/uploads\/2025\/08\/Tivoli_2024-300x139.jpg 300w, https:\/\/www.mustard-seed-faith.de\/wordpress\/wp-content\/uploads\/2025\/08\/Tivoli_2024-768x355.jpg 768w, https:\/\/www.mustard-seed-faith.de\/wordpress\/wp-content\/uploads\/2025\/08\/Tivoli_2024-1536x709.jpg 1536w, https:\/\/www.mustard-seed-faith.de\/wordpress\/wp-content\/uploads\/2025\/08\/Tivoli_2024-2048x946.jpg 2048w\" sizes=\"(max-width: 1024px) 100vw, 1024px\" \/><\/figure><div class=\"wp-block-media-text__content\">\n<p><strong>Mustard Seed Faith am vierten Advent auf dem Aachener Tivoli vor 25.000 Menschen? <\/strong>Hallelujah! Im hell erleuchteten Pavillon zwischen zehntausenden brennenden Kerzen z\u00fcndeten die \u201eSeeds\u201c ein Feuerwerk an Stimmung und Freude am Mitmachen.<\/p>\n\n\n\n<p>Wir sind sehr gl\u00fccklich, als Aachener Gospelchor beim offiziellen <strong>Weihnachtssingen 2025<\/strong> im Fu\u00dfballstadion dabei gewesen zu sein.<\/p>\n\n\n\n<p>Zusammen mit anderen Ch\u00f6ren und Musikvolk gab es ein tolles Programm zum Mitsingen und f\u00fcr weihnachtliche G\u00e4nsehautmomente. Statt Fu\u00dfball-Schlachtrufen schallten gospelige Wechselges\u00e4nge von Trib\u00fcne zu Trib\u00fcne: \u201eEmmanuel \u2013 We worship you\u201c!<\/p>\n\n\n\n<p>Weitere Eindr\u00fccke: <a href=\"https:\/\/www.weihnachtssingen-ac.de\">https:\/\/www.weihnachtssingen-ac.de<\/a><\/p>\n<\/div><\/div>\n\n\n\n<hr class=\"wp-block-separator has-alpha-channel-opacity is-style-wide\"\/>\n\n\n\n<figure class=\"wp-block-image aligncenter size-large\"><a href=\"https:\/\/youtu.be\/4xp2ko36EJU\"><img decoding=\"async\" width=\"1024\" height=\"195\" src=\"https:\/\/www.mustard-seed-faith.de\/wordpress\/wp-content\/uploads\/2025\/09\/Youtube_BabaYetu-1024x195.jpg\" alt=\"\" class=\"wp-image-94\" srcset=\"https:\/\/www.mustard-seed-faith.de\/wordpress\/wp-content\/uploads\/2025\/09\/Youtube_BabaYetu-1024x195.jpg 1024w, https:\/\/www.mustard-seed-faith.de\/wordpress\/wp-content\/uploads\/2025\/09\/Youtube_BabaYetu-300x57.jpg 300w, https:\/\/www.mustard-seed-faith.de\/wordpress\/wp-content\/uploads\/2025\/09\/Youtube_BabaYetu-768x146.jpg 768w, https:\/\/www.mustard-seed-faith.de\/wordpress\/wp-content\/uploads\/2025\/09\/Youtube_BabaYetu.jpg 1063w\" sizes=\"(max-width: 1024px) 100vw, 1024px\" \/><\/a><\/figure>\n\n\n\n<figure class=\"wp-block-image aligncenter size-large\"><a href=\"https:\/\/youtu.be\/L1wdGlvGzMc\"><img loading=\"lazy\" decoding=\"async\" width=\"1024\" height=\"190\" src=\"https:\/\/www.mustard-seed-faith.de\/wordpress\/wp-content\/uploads\/2025\/09\/Youtube_AintNoCrime-1024x190.jpg\" alt=\"\" class=\"wp-image-93\" srcset=\"https:\/\/www.mustard-seed-faith.de\/wordpress\/wp-content\/uploads\/2025\/09\/Youtube_AintNoCrime-1024x190.jpg 1024w, https:\/\/www.mustard-seed-faith.de\/wordpress\/wp-content\/uploads\/2025\/09\/Youtube_AintNoCrime-300x56.jpg 300w, https:\/\/www.mustard-seed-faith.de\/wordpress\/wp-content\/uploads\/2025\/09\/Youtube_AintNoCrime-768x143.jpg 768w, https:\/\/www.mustard-seed-faith.de\/wordpress\/wp-content\/uploads\/2025\/09\/Youtube_AintNoCrime.jpg 1083w\" sizes=\"(max-width: 1024px) 100vw, 1024px\" \/><\/a><\/figure>\n\n\n\n<ul class=\"wp-block-social-links is-content-justification-center is-layout-flex wp-container-core-social-links-is-layout-a89b3969 wp-block-social-links-is-layout-flex\">\n\n\n\n<\/ul>\n\n\n\n<p><\/p>\n\n\n\n<p><\/p>\n","protected":false},"excerpt":{"rendered":"<p>Unser n\u00e4chster Auftritt Am 20. Juni 2026 laden wir herzlich zu einem Benefizkonzert in der wundersch\u00f6nen Kirche St.Michael \/ St. [&hellip;]<\/p>\n","protected":false},"author":1,"featured_media":0,"parent":0,"menu_order":0,"comment_status":"closed","ping_status":"closed","template":"","meta":{"site-sidebar-layout":"default","site-content-layout":"","ast-site-content-layout":"default","site-content-style":"default","site-sidebar-style":"default","ast-global-header-display":"","ast-banner-title-visibility":"","ast-main-header-display":"","ast-hfb-above-header-display":"","ast-hfb-below-header-display":"","ast-hfb-mobile-header-display":"","site-post-title":"disabled","ast-breadcrumbs-content":"","ast-featured-img":"","footer-sml-layout":"","theme-transparent-header-meta":"","adv-header-id-meta":"","stick-header-meta":"","header-above-stick-meta":"","header-main-stick-meta":"","header-below-stick-meta":"","astra-migrate-meta-layouts":"default","ast-page-background-enabled":"default","ast-page-background-meta":{"desktop":{"background-color":"var(--ast-global-color-5)","background-image":"","background-repeat":"repeat","background-position":"center center","background-size":"auto","background-attachment":"scroll","background-type":"","background-media":"","overlay-type":"","overlay-color":"","overlay-opacity":"","overlay-gradient":""},"tablet":{"background-color":"","background-image":"","background-repeat":"repeat","background-position":"center center","background-size":"auto","background-attachment":"scroll","background-type":"","background-media":"","overlay-type":"","overlay-color":"","overlay-opacity":"","overlay-gradient":""},"mobile":{"background-color":"","background-image":"","background-repeat":"repeat","background-position":"center center","background-size":"auto","background-attachment":"scroll","background-type":"","background-media":"","overlay-type":"","overlay-color":"","overlay-opacity":"","overlay-gradient":""}},"ast-content-background-meta":{"desktop":{"background-color":"var(--ast-global-color-4)","background-image":"","background-repeat":"repeat","background-position":"center center","background-size":"auto","background-attachment":"scroll","background-type":"","background-media":"","overlay-type":"","overlay-color":"","overlay-opacity":"","overlay-gradient":""},"tablet":{"background-color":"var(--ast-global-color-4)","background-image":"","background-repeat":"repeat","background-position":"center center","background-size":"auto","background-attachment":"scroll","background-type":"","background-media":"","overlay-type":"","overlay-color":"","overlay-opacity":"","overlay-gradient":""},"mobile":{"background-color":"var(--ast-global-color-4)","background-image":"","background-repeat":"repeat","background-position":"center center","background-size":"auto","background-attachment":"scroll","background-type":"","background-media":"","overlay-type":"","overlay-color":"","overlay-opacity":"","overlay-gradient":""}},"footnotes":""},"class_list":["post-15","page","type-page","status-publish","hentry"],"_links":{"self":[{"href":"https:\/\/www.mustard-seed-faith.de\/wordpress\/wp-json\/wp\/v2\/pages\/15","targetHints":{"allow":["GET"]}}],"collection":[{"href":"https:\/\/www.mustard-seed-faith.de\/wordpress\/wp-json\/wp\/v2\/pages"}],"about":[{"href":"https:\/\/www.mustard-seed-faith.de\/wordpress\/wp-json\/wp\/v2\/types\/page"}],"author":[{"embeddable":true,"href":"https:\/\/www.mustard-seed-faith.de\/wordpress\/wp-json\/wp\/v2\/users\/1"}],"replies":[{"embeddable":true,"href":"https:\/\/www.mustard-seed-faith.de\/wordpress\/wp-json\/wp\/v2\/comments?post=15"}],"version-history":[{"count":36,"href":"https:\/\/www.mustard-seed-faith.de\/wordpress\/wp-json\/wp\/v2\/pages\/15\/revisions"}],"predecessor-version":[{"id":362,"href":"https:\/\/www.mustard-seed-faith.de\/wordpress\/wp-json\/wp\/v2\/pages\/15\/revisions\/362"}],"wp:attachment":[{"href":"https:\/\/www.mustard-seed-faith.de\/wordpress\/wp-json\/wp\/v2\/media?parent=15"}],"curies":[{"name":"wp","href":"https:\/\/api.w.org\/{rel}","templated":true}]}}