{"id":106,"date":"2025-09-17T20:06:25","date_gmt":"2025-09-17T18:06:25","guid":{"rendered":"https:\/\/www.mustard-seed-faith.de\/wordpress\/?page_id=106"},"modified":"2026-04-17T16:12:12","modified_gmt":"2026-04-17T14:12:12","slug":"chorleitung-musiker","status":"publish","type":"page","link":"https:\/\/www.mustard-seed-faith.de\/wordpress\/chorleitung-musiker\/","title":{"rendered":"Chorleitung &#038; Musiker"},"content":{"rendered":"\n<div style=\"height:45px\" aria-hidden=\"true\" class=\"wp-block-spacer\"><\/div>\n\n\n\n<h1 class=\"wp-block-heading\">Chorleitung &amp; Musiker<\/h1>\n\n\n\n<div style=\"height:45px\" aria-hidden=\"true\" class=\"wp-block-spacer\"><\/div>\n\n\n\n<div class=\"wp-block-media-text is-stacked-on-mobile\" style=\"grid-template-columns:29% auto\"><figure class=\"wp-block-media-text__media\"><img fetchpriority=\"high\" decoding=\"async\" width=\"376\" height=\"569\" src=\"https:\/\/www.mustard-seed-faith.de\/wordpress\/wp-content\/uploads\/2025\/09\/Leenders-Kopie.jpg\" alt=\"\" class=\"wp-image-141 size-full\" srcset=\"https:\/\/www.mustard-seed-faith.de\/wordpress\/wp-content\/uploads\/2025\/09\/Leenders-Kopie.jpg 376w, https:\/\/www.mustard-seed-faith.de\/wordpress\/wp-content\/uploads\/2025\/09\/Leenders-Kopie-198x300.jpg 198w\" sizes=\"(max-width: 376px) 100vw, 376px\" \/><\/figure><div class=\"wp-block-media-text__content\">\n<h2 class=\"wp-block-heading\">Chorleitung &amp; Dirigat:          Johan Leenders<\/h2>\n\n\n\n<p class=\"has-text-align-left\">Johan Leenders begann seine musikalische Ausbildung schon im Alter von f\u00fcnf Jahren, als er seinen Klavierunterricht bei Friedhelm Olfen aufnahm. Diesen setzte er im Studium der Ton- und Bildtechnik mit dem musikalischen Hauptfach Klavier bei Sabine Kube fort, und vertiefte seine breite musikalische Ausrichtung, die die klassische Musik ebenso einschlie\u00dft wie den Rock, Pop und besonders den Jazz. Neben der Chorleitung von Mustard Seed Faith begleitet und leitet Johan auch mal in Stellvertretung die Ch\u00f6re von <a href=\"https:\/\/gospelacademy.com\">Angelika Rehaag<\/a>, arbeitet als Komponist, Musiker und Sound Designer am Theater (z.B. Die Kleinb\u00fcrgerhochzeit, 2016, Regie: Hans-Ulrich Becker | Garten Eden, 2016, Regie: Bianca K\u00fcnzel, Alexander Steindorf), in zahlreichen Bands als Pianist, S\u00e4nger und Arrangeur (z.B. Leenders | Johan Leenders Trio | Jon Boutin Allstars) und freiberuflich als Toningenieur, Sounddesigner und Videogestalter. 2011 gewann Johan mit der FH Big Band D\u00fcsseldorf den WDR Jazzpreis in der Kategorie Nachwuchs. 2012 erschien sein erstes Buch &#8222;Sound f\u00fcr Videospiele&#8220;. Mit seinen Bands und als Studiomusiker ist Johan auf zahlreichen ver\u00f6ffentlichen CDs zu h\u00f6ren. Johan im Internet: <a href=\"http:\/\/www.johanleenders.de\">http:\/\/www.johanleenders.de<\/a><\/p>\n<\/div><\/div>\n\n\n\n<div class=\"wp-block-media-text has-media-on-the-right is-stacked-on-mobile\" style=\"grid-template-columns:auto 29%\"><div class=\"wp-block-media-text__content\">\n<h2 class=\"wp-block-heading\">Pianist: Jonas Rath<\/h2>\n\n\n\n<p class=\"has-text-align-left\">Jonas ist Jahrgang 1996 und hat Anfang 2025 das Piano bei Mustard Seed Faith von Wolfgang Pfeifer \u00fcbernommen. Vorher war er schon seit Ende 2022 als S\u00e4nger im Tenor bei MSF aktiv. Er wuchs in einer religi\u00f6sen und musikalischen Familie auf, in der das Singen in der Gruppe dazugeh\u00f6rte. Die Energie des Gospels hat ihn schon immer fasziniert. Seine musikalische Ausbildung erhielt er 2023 &#8211; 2025 beim Bistum Aachen. Pianospielen lernte er haupts\u00e4chlich autodidaktisch seit 2017. Ansonsten spielt er noch Schlagzeug, E-Bass und Orgel. Von 2017 bis 2025 war er als Organist und Chorleiter in Heilig Geist Aachen besch\u00e4ftigt. Jetzt ist er selbstst\u00e4ndig als freiberuflicher Musiker, Dozent und Komponist t\u00e4tig.<\/p>\n<\/div><figure class=\"wp-block-media-text__media\"><img decoding=\"async\" width=\"376\" height=\"569\" src=\"https:\/\/www.mustard-seed-faith.de\/wordpress\/wp-content\/uploads\/2025\/09\/JonasRath-1.jpg\" alt=\"\" class=\"wp-image-144 size-full\" srcset=\"https:\/\/www.mustard-seed-faith.de\/wordpress\/wp-content\/uploads\/2025\/09\/JonasRath-1.jpg 376w, https:\/\/www.mustard-seed-faith.de\/wordpress\/wp-content\/uploads\/2025\/09\/JonasRath-1-198x300.jpg 198w\" sizes=\"(max-width: 376px) 100vw, 376px\" \/><\/figure><\/div>\n\n\n\n<div style=\"height:45px\" aria-hidden=\"true\" class=\"wp-block-spacer\"><\/div>\n\n\n\n<div class=\"wp-block-media-text is-stacked-on-mobile\" style=\"grid-template-columns:29% auto\"><figure class=\"wp-block-media-text__media\"><img decoding=\"async\" width=\"373\" height=\"528\" src=\"https:\/\/www.mustard-seed-faith.de\/wordpress\/wp-content\/uploads\/2025\/09\/WolfgangPfeifer.jpg\" alt=\"\" class=\"wp-image-142 size-full\" srcset=\"https:\/\/www.mustard-seed-faith.de\/wordpress\/wp-content\/uploads\/2025\/09\/WolfgangPfeifer.jpg 373w, https:\/\/www.mustard-seed-faith.de\/wordpress\/wp-content\/uploads\/2025\/09\/WolfgangPfeifer-212x300.jpg 212w\" sizes=\"(max-width: 373px) 100vw, 373px\" \/><\/figure><div class=\"wp-block-media-text__content\">\n<h2 class=\"wp-block-heading\">Pianist (bis 2024): Wolfgang Pfeifer<\/h2>\n\n\n\n<p>Wolfgang Pfeifer, Jahrgang 1954, ist seit seinem zehnten Lebensjahr dem Klavierspiel verfallen. Neben einer klassischen, sehr kurzen Grundausbildung am Piano begann er bald, Pop, Jazz und Gospel auswendig nachzuspielen. Durch befreundete amerikanische Stra\u00dfenmusiker wurde sein Klavier- (und Gitarren-)-spiel ver\u00e4ndert und gepr\u00e4gt. Zu Beginn der 2000er-Jahre lernte er den Gr\u00fcnder und langj\u00e4hrigen Chorleiter von Mustard Seed Faith, Karsten Sievert, kennen und fasste Fu\u00df in der zeitgen\u00f6ssischen Black Gospel Music &#8211; und damit in der Aachener Gospelszene. Mit seinem leidenschaftlichen, intensiven Piano ist Wolfgang Pfeifer fester Bestandteil des musikalischen Klangs des Chores. 2017 feierte er, unterst\u00fctzt von Chorleiter Johan Leenders, die Premiere seines ersten selbst komponierten Gospels &#8222;Promise for good&#8220;.<\/p>\n<\/div><\/div>\n","protected":false},"excerpt":{"rendered":"<p>Chorleitung &amp; Musiker Chorleitung &amp; Dirigat: Johan Leenders Johan Leenders begann seine musikalische Ausbildung schon im Alter von f\u00fcnf Jahren, [&hellip;]<\/p>\n","protected":false},"author":2,"featured_media":0,"parent":0,"menu_order":0,"comment_status":"closed","ping_status":"closed","template":"","meta":{"site-sidebar-layout":"default","site-content-layout":"","ast-site-content-layout":"default","site-content-style":"default","site-sidebar-style":"default","ast-global-header-display":"","ast-banner-title-visibility":"","ast-main-header-display":"","ast-hfb-above-header-display":"","ast-hfb-below-header-display":"","ast-hfb-mobile-header-display":"","site-post-title":"disabled","ast-breadcrumbs-content":"","ast-featured-img":"","footer-sml-layout":"","theme-transparent-header-meta":"","adv-header-id-meta":"","stick-header-meta":"","header-above-stick-meta":"","header-main-stick-meta":"","header-below-stick-meta":"","astra-migrate-meta-layouts":"default","ast-page-background-enabled":"default","ast-page-background-meta":{"desktop":{"background-color":"var(--ast-global-color-5)","background-image":"","background-repeat":"repeat","background-position":"center center","background-size":"auto","background-attachment":"scroll","background-type":"","background-media":"","overlay-type":"","overlay-color":"","overlay-opacity":"","overlay-gradient":""},"tablet":{"background-color":"","background-image":"","background-repeat":"repeat","background-position":"center center","background-size":"auto","background-attachment":"scroll","background-type":"","background-media":"","overlay-type":"","overlay-color":"","overlay-opacity":"","overlay-gradient":""},"mobile":{"background-color":"","background-image":"","background-repeat":"repeat","background-position":"center center","background-size":"auto","background-attachment":"scroll","background-type":"","background-media":"","overlay-type":"","overlay-color":"","overlay-opacity":"","overlay-gradient":""}},"ast-content-background-meta":{"desktop":{"background-color":"var(--ast-global-color-4)","background-image":"","background-repeat":"repeat","background-position":"center center","background-size":"auto","background-attachment":"scroll","background-type":"","background-media":"","overlay-type":"","overlay-color":"","overlay-opacity":"","overlay-gradient":""},"tablet":{"background-color":"var(--ast-global-color-4)","background-image":"","background-repeat":"repeat","background-position":"center center","background-size":"auto","background-attachment":"scroll","background-type":"","background-media":"","overlay-type":"","overlay-color":"","overlay-opacity":"","overlay-gradient":""},"mobile":{"background-color":"var(--ast-global-color-4)","background-image":"","background-repeat":"repeat","background-position":"center center","background-size":"auto","background-attachment":"scroll","background-type":"","background-media":"","overlay-type":"","overlay-color":"","overlay-opacity":"","overlay-gradient":""}},"footnotes":""},"class_list":["post-106","page","type-page","status-publish","hentry"],"_links":{"self":[{"href":"https:\/\/www.mustard-seed-faith.de\/wordpress\/wp-json\/wp\/v2\/pages\/106","targetHints":{"allow":["GET"]}}],"collection":[{"href":"https:\/\/www.mustard-seed-faith.de\/wordpress\/wp-json\/wp\/v2\/pages"}],"about":[{"href":"https:\/\/www.mustard-seed-faith.de\/wordpress\/wp-json\/wp\/v2\/types\/page"}],"author":[{"embeddable":true,"href":"https:\/\/www.mustard-seed-faith.de\/wordpress\/wp-json\/wp\/v2\/users\/2"}],"replies":[{"embeddable":true,"href":"https:\/\/www.mustard-seed-faith.de\/wordpress\/wp-json\/wp\/v2\/comments?post=106"}],"version-history":[{"count":6,"href":"https:\/\/www.mustard-seed-faith.de\/wordpress\/wp-json\/wp\/v2\/pages\/106\/revisions"}],"predecessor-version":[{"id":367,"href":"https:\/\/www.mustard-seed-faith.de\/wordpress\/wp-json\/wp\/v2\/pages\/106\/revisions\/367"}],"wp:attachment":[{"href":"https:\/\/www.mustard-seed-faith.de\/wordpress\/wp-json\/wp\/v2\/media?parent=106"}],"curies":[{"name":"wp","href":"https:\/\/api.w.org\/{rel}","templated":true}]}}